{"id":19300,"date":"2017-06-11T05:01:40","date_gmt":"2017-06-11T05:01:40","guid":{"rendered":"https:\/\/www.uniqchem.com\/karriere\/"},"modified":"2017-06-11T05:01:40","modified_gmt":"2017-06-11T05:01:40","slug":"karriere","status":"publish","type":"page","link":"https:\/\/www.uniqchem.com\/de\/karriere\/","title":{"rendered":"Karriere"},"content":{"rendered":"<p>UNIQCHEM bietet seinen Mitarbeitern die M\u00f6glichkeit, ihr eigenes Potenzial zu maximieren. F\u00fcr UNQICHEM zu arbeiten bedeutet, dass Sie Teil eines globalen Teams sind, dass Sie gesch\u00e4tzt werden und dass Sie die F\u00e4higkeiten und den Wunsch haben, einen kreativen Beitrag zu leisten. Auf der Suche nach leistungsstarken und engagierten Mitarbeitern konzentriert sich UNIQCHEM darauf, Talente von Weltklasse zu rekrutieren und zu halten.<br \/>\nUNIQCHEM bietet eine breite Palette von Karrierem\u00f6glichkeiten, von Forschung und Entwicklung \u00fcber Technik und Produktion bis hin zu Marketing und Vertrieb und anderen unterst\u00fctzenden Funktionen. Wenn Sie eine Karriere anstreben, bei der Sie zusammen mit unseren weltweiten Mitarbeitern einen Beitrag leisten wollen, dann bitten wir Sie, eine E-Mail mit Ihrem Lebenslauf an <a href=\"mailto:stella.tian@uniqchem.com\">HR@uniqchem.com<\/a> zu schreiben.   <\/p>\n","protected":false},"excerpt":{"rendered":"<p>UNIQCHEM bietet seinen Mitarbeitern die M\u00f6glichkeit, ihr eigenes Potenzial zu maximieren. F\u00fcr UNQICHEM zu arbeiten bedeutet, dass Sie Teil eines globalen Teams sind, dass Sie gesch\u00e4tzt werden und dass Sie die F\u00e4higkeiten und den Wunsch haben, einen kreativen Beitrag zu leisten. Auf der Suche nach leistungsstarken und engagierten Mitarbeitern konzentriert sich UNIQCHEM darauf, Talente von&hellip;<\/p>\n","protected":false},"author":9,"featured_media":0,"parent":0,"menu_order":0,"comment_status":"closed","ping_status":"closed","template":"","meta":{"footnotes":""},"class_list":["post-19300","page","type-page","status-publish","hentry","description-off"],"_links":{"self":[{"href":"https:\/\/www.uniqchem.com\/de\/wp-json\/wp\/v2\/pages\/19300","targetHints":{"allow":["GET"]}}],"collection":[{"href":"https:\/\/www.uniqchem.com\/de\/wp-json\/wp\/v2\/pages"}],"about":[{"href":"https:\/\/www.uniqchem.com\/de\/wp-json\/wp\/v2\/types\/page"}],"author":[{"embeddable":true,"href":"https:\/\/www.uniqchem.com\/de\/wp-json\/wp\/v2\/users\/9"}],"replies":[{"embeddable":true,"href":"https:\/\/www.uniqchem.com\/de\/wp-json\/wp\/v2\/comments?post=19300"}],"version-history":[{"count":0,"href":"https:\/\/www.uniqchem.com\/de\/wp-json\/wp\/v2\/pages\/19300\/revisions"}],"wp:attachment":[{"href":"https:\/\/www.uniqchem.com\/de\/wp-json\/wp\/v2\/media?parent=19300"}],"curies":[{"name":"wp","href":"https:\/\/api.w.org\/{rel}","templated":true}]}}