{"id":19277,"date":"2014-06-17T22:41:39","date_gmt":"2014-06-17T22:41:39","guid":{"rendered":"https:\/\/www.uniqchem.com\/tecnologia-reologica\/"},"modified":"2014-06-17T22:41:39","modified_gmt":"2014-06-17T22:41:39","slug":"tecnologia-reologica","status":"publish","type":"page","link":"https:\/\/www.uniqchem.com\/es\/tecnologia-reologica\/","title":{"rendered":"Tecnolog\u00eda reol\u00f3gica"},"content":{"rendered":"<p>pr\u00f3ximamente<\/p>\n","protected":false},"excerpt":{"rendered":"<p>pr\u00f3ximamente<\/p>\n","protected":false},"author":9,"featured_media":0,"parent":0,"menu_order":0,"comment_status":"closed","ping_status":"closed","template":"","meta":{"footnotes":""},"class_list":["post-19277","page","type-page","status-publish","hentry","description-off"],"_links":{"self":[{"href":"https:\/\/www.uniqchem.com\/es\/wp-json\/wp\/v2\/pages\/19277","targetHints":{"allow":["GET"]}}],"collection":[{"href":"https:\/\/www.uniqchem.com\/es\/wp-json\/wp\/v2\/pages"}],"about":[{"href":"https:\/\/www.uniqchem.com\/es\/wp-json\/wp\/v2\/types\/page"}],"author":[{"embeddable":true,"href":"https:\/\/www.uniqchem.com\/es\/wp-json\/wp\/v2\/users\/9"}],"replies":[{"embeddable":true,"href":"https:\/\/www.uniqchem.com\/es\/wp-json\/wp\/v2\/comments?post=19277"}],"version-history":[{"count":0,"href":"https:\/\/www.uniqchem.com\/es\/wp-json\/wp\/v2\/pages\/19277\/revisions"}],"wp:attachment":[{"href":"https:\/\/www.uniqchem.com\/es\/wp-json\/wp\/v2\/media?parent=19277"}],"curies":[{"name":"wp","href":"https:\/\/api.w.org\/{rel}","templated":true}]}}