{"id":19293,"date":"2017-06-11T05:01:40","date_gmt":"2017-06-11T05:01:40","guid":{"rendered":"https:\/\/www.uniqchem.com\/carrera-profesional\/"},"modified":"2017-06-11T05:01:40","modified_gmt":"2017-06-11T05:01:40","slug":"carrera-profesional","status":"publish","type":"page","link":"https:\/\/www.uniqchem.com\/es\/carrera-profesional\/","title":{"rendered":"Carrera profesional"},"content":{"rendered":"<p>UNIQCHEM ofrece a sus empleados la oportunidad de maximizar su propio potencial. Trabajar para UNQICHEM significa que formas parte de un equipo global, que se te valora y que tienes la capacidad y el deseo de ser un colaborador creativo. UNIQCHEM se centra en contratar y retener talentos de categor\u00eda mundial mediante la b\u00fasqueda de empleados de alto rendimiento y dedicaci\u00f3n.<br \/>\nUNIQCHEM ofrece una amplia gama de oportunidades profesionales, desde investigaci\u00f3n y desarrollo hasta ingenier\u00eda y fabricaci\u00f3n, pasando por marketing y ventas y otras funciones de apoyo. Si buscas una carrera en la que quieras contribuir junto con nuestros empleados de todo el mundo, te animamos a que escribas un correo electr\u00f3nico con tu CV a <a href=\"mailto:stella.tian@uniqchem.com\">HR@uniqchem.com<\/a>.   <\/p>\n","protected":false},"excerpt":{"rendered":"<p>UNIQCHEM ofrece a sus empleados la oportunidad de maximizar su propio potencial. Trabajar para UNQICHEM significa que formas parte de un equipo global, que se te valora y que tienes la capacidad y el deseo de ser un colaborador creativo. UNIQCHEM se centra en contratar y retener talentos de categor\u00eda mundial mediante la b\u00fasqueda de&hellip;<\/p>\n","protected":false},"author":9,"featured_media":0,"parent":0,"menu_order":0,"comment_status":"closed","ping_status":"closed","template":"","meta":{"footnotes":""},"class_list":["post-19293","page","type-page","status-publish","hentry","description-off"],"_links":{"self":[{"href":"https:\/\/www.uniqchem.com\/es\/wp-json\/wp\/v2\/pages\/19293","targetHints":{"allow":["GET"]}}],"collection":[{"href":"https:\/\/www.uniqchem.com\/es\/wp-json\/wp\/v2\/pages"}],"about":[{"href":"https:\/\/www.uniqchem.com\/es\/wp-json\/wp\/v2\/types\/page"}],"author":[{"embeddable":true,"href":"https:\/\/www.uniqchem.com\/es\/wp-json\/wp\/v2\/users\/9"}],"replies":[{"embeddable":true,"href":"https:\/\/www.uniqchem.com\/es\/wp-json\/wp\/v2\/comments?post=19293"}],"version-history":[{"count":0,"href":"https:\/\/www.uniqchem.com\/es\/wp-json\/wp\/v2\/pages\/19293\/revisions"}],"wp:attachment":[{"href":"https:\/\/www.uniqchem.com\/es\/wp-json\/wp\/v2\/media?parent=19293"}],"curies":[{"name":"wp","href":"https:\/\/api.w.org\/{rel}","templated":true}]}}