{"id":23083,"date":"2019-12-09T20:20:03","date_gmt":"2019-12-09T20:20:03","guid":{"rendered":"https:\/\/www.uniqchem.com\/politica-de-cookies\/"},"modified":"2019-12-09T20:20:03","modified_gmt":"2019-12-09T20:20:03","slug":"politica-de-cookies","status":"publish","type":"page","link":"https:\/\/www.uniqchem.com\/es\/politica-de-cookies\/","title":{"rendered":"Pol\u00edtica de cookies"},"content":{"rendered":"<div class=\"cli_pg_page_contaner\">\n<h3>Acerca de esta pol\u00edtica de cookies<\/h3>\n<div>\n<p>Esta Pol\u00edtica de Cookies explica qu\u00e9 son las cookies y c\u00f3mo las utilizamos. Deber\u00edas leer esta pol\u00edtica para entender qu\u00e9 son las cookies, c\u00f3mo las utilizamos, los tipos de cookies que utilizamos, es decir, la informaci\u00f3n que recopilamos utilizando cookies y c\u00f3mo se utiliza esa informaci\u00f3n y c\u00f3mo controlar las preferencias de las cookies. Para m\u00e1s informaci\u00f3n sobre c\u00f3mo utilizamos, almacenamos y mantenemos seguros tus datos personales, consulta nuestra Pol\u00edtica de privacidad.<\/p>\n<p>Puedes cambiar o retirar tu consentimiento en cualquier momento en la Declaraci\u00f3n de Cookies de nuestro sitio web.<\/p>\n<p>Obt\u00e9n m\u00e1s informaci\u00f3n sobre qui\u00e9nes somos, c\u00f3mo puedes ponerte en contacto con nosotros y c\u00f3mo procesamos los datos personales en nuestra Pol\u00edtica de privacidad.<\/p>\n<p>Tu consentimiento se aplica a los siguientes dominios: <a href=\"http:\/\/www.uniqchem.com\">www.uniqchem.com<\/a><\/p>\n<\/div>\n<h3>\u00bfQu\u00e9 son las cookies?<\/h3>\n<div>\n<p>Las cookies son peque\u00f1os archivos de texto que se utilizan para almacenar peque\u00f1as piezas de informaci\u00f3n. Las cookies se almacenan en tu dispositivo cuando se carga el sitio web en tu navegador. Estas cookies nos ayudan a que el sitio web funcione correctamente, a que el sitio web sea m\u00e1s seguro, a proporcionar una mejor experiencia al usuario y a comprender c\u00f3mo funciona el sitio web y analizar qu\u00e9 funciona y en qu\u00e9 aspectos necesita mejoras.<\/p>\n<\/div>\n<h3><\/h3>\n<h3>\u00bfC\u00f3mo utilizamos las cookies?<\/h3>\n<div>\n<p>Como la mayor\u00eda de los servicios en l\u00ednea, nuestro sitio web utiliza cookies propias y de terceros para diversos fines. Las cookies de origen son en su mayor\u00eda necesarias para que el sitio web funcione correctamente, y no recogen ning\u00fan dato personal que te identifique.<\/p>\n<p>Las cookies de terceros utilizadas en nuestros sitios web se utilizan principalmente para comprender c\u00f3mo funciona el sitio web, c\u00f3mo interact\u00faas con nuestro sitio web, mantener nuestros servicios seguros, proporcionar anuncios que sean relevantes para ti y, en definitiva, proporcionarte una experiencia de usuario mejorada y ayudar a agilizar tus futuras interacciones con nuestro sitio web.<\/p>\n<\/div>\n<h3><\/h3>\n<h3>\u00bfQu\u00e9 tipos de cookies utilizamos?<\/h3>\n<div>\n<p><span style=\"font-weight: bold;\">Esenciales<\/span>: Algunas cookies son esenciales para que puedas experimentar la plena funcionalidad de nuestro sitio. Nos permiten mantener las sesiones de los usuarios y evitar cualquier amenaza a la seguridad. No recogen ni almacenan ninguna informaci\u00f3n personal. Por ejemplo, estas cookies te permiten iniciar sesi\u00f3n en tu cuenta y a\u00f1adir productos a tu cesta y pagar de forma segura.<\/p>\n<p><span style=\"font-weight: bold;\">Estad\u00edsticas:<\/span> Estas cookies almacenan informaci\u00f3n como el n\u00famero de visitantes del sitio web, el n\u00famero de visitantes \u00fanicos, qu\u00e9 p\u00e1ginas del sitio web se han visitado, el origen de la visita, etc. Estos datos nos ayudan a comprender y analizar el rendimiento del sitio web y d\u00f3nde necesita mejoras.<\/p>\n<p><span style=\"font-weight: bold;\">Publicidad:<\/span> Nuestro sitio web muestra anuncios. Estas cookies se utilizan para personalizar los anuncios que te mostramos para que sean significativos para ti. Estas cookies tambi\u00e9n nos ayudan a realizar un seguimiento de la eficacia de estas campa\u00f1as publicitarias.<\/p>\n<p>La informaci\u00f3n almacenada en estas cookies tambi\u00e9n puede ser utilizada por los proveedores de publicidad de terceros para mostrarte anuncios en otros sitios web tambi\u00e9n en el navegador.<\/p>\n<p><span style=\"font-weight: bold;\">Funcionales:<\/span> Son las cookies que ayudan a ciertas funcionalidades no esenciales de nuestro sitio web. Estas funcionalidades incluyen incrustar contenidos como v\u00eddeos o compartir contenidos del sitio web en plataformas de redes sociales.<\/p>\n<p><span style=\"font-weight: bold;\">Preferencias:<\/span> Estas cookies nos ayudan a almacenar tus ajustes y preferencias de navegaci\u00f3n, como las preferencias de idioma, para que tengas una experiencia mejor y m\u00e1s eficiente en futuras visitas al sitio web.<\/p>\n<\/div>\n<h3>\u00bfC\u00f3mo puedo controlar las preferencias de las cookies?<\/h3>\n<div>\n<p>Si decides cambiar tus preferencias m\u00e1s adelante durante tu sesi\u00f3n de navegaci\u00f3n, puedes hacer clic en la pesta\u00f1a \u00abPol\u00edtica de privacidad y cookies\u00bb de tu pantalla. Esto mostrar\u00e1 de nuevo el aviso de consentimiento, permiti\u00e9ndote cambiar tus preferencias o retirar completamente tu consentimiento.<\/p>\n<p>Adem\u00e1s, los distintos navegadores ofrecen diferentes m\u00e9todos para bloquear y eliminar las cookies utilizadas por los sitios web. Puedes cambiar la configuraci\u00f3n de tu navegador para bloquear\/eliminar las cookies. Para saber m\u00e1s sobre c\u00f3mo gestionar y eliminar las cookies, visita <a href=\"https:\/\/en.wikipedia.org\/wiki\/HTTP_cookie\" target=\"_blank\" rel=\"nofollow noopener noreferrer\">wikipedia.org<\/a>, <a href=\"http:\/\/www.allaboutcookies.org\/\" target=\"_blank\" rel=\"nofollow noopener noreferrer\">www.allaboutcookies.org.<\/a><\/p>\n<\/div>\n<\/div>\n","protected":false},"excerpt":{"rendered":"<p>Acerca de esta pol\u00edtica de cookies Esta Pol\u00edtica de Cookies explica qu\u00e9 son las cookies y c\u00f3mo las utilizamos. Deber\u00edas leer esta pol\u00edtica para entender qu\u00e9 son las cookies, c\u00f3mo las utilizamos, los tipos de cookies que utilizamos, es decir, la informaci\u00f3n que recopilamos utilizando cookies y c\u00f3mo se utiliza esa informaci\u00f3n y c\u00f3mo controlar&hellip;<\/p>\n","protected":false},"author":9,"featured_media":0,"parent":0,"menu_order":0,"comment_status":"closed","ping_status":"closed","template":"","meta":{"footnotes":""},"class_list":["post-23083","page","type-page","status-publish","hentry","description-off"],"_links":{"self":[{"href":"https:\/\/www.uniqchem.com\/es\/wp-json\/wp\/v2\/pages\/23083","targetHints":{"allow":["GET"]}}],"collection":[{"href":"https:\/\/www.uniqchem.com\/es\/wp-json\/wp\/v2\/pages"}],"about":[{"href":"https:\/\/www.uniqchem.com\/es\/wp-json\/wp\/v2\/types\/page"}],"author":[{"embeddable":true,"href":"https:\/\/www.uniqchem.com\/es\/wp-json\/wp\/v2\/users\/9"}],"replies":[{"embeddable":true,"href":"https:\/\/www.uniqchem.com\/es\/wp-json\/wp\/v2\/comments?post=23083"}],"version-history":[{"count":0,"href":"https:\/\/www.uniqchem.com\/es\/wp-json\/wp\/v2\/pages\/23083\/revisions"}],"wp:attachment":[{"href":"https:\/\/www.uniqchem.com\/es\/wp-json\/wp\/v2\/media?parent=23083"}],"curies":[{"name":"wp","href":"https:\/\/api.w.org\/{rel}","templated":true}]}}