{"id":18764,"date":"2017-07-04T01:55:02","date_gmt":"2017-07-04T01:55:02","guid":{"rendered":"https:\/\/www.uniqchem.com\/dernieres-nouvelles\/"},"modified":"2025-07-15T15:19:44","modified_gmt":"2025-07-15T15:19:44","slug":"dernieres-nouvelles","status":"publish","type":"page","link":"https:\/\/www.uniqchem.com\/fr\/dernieres-nouvelles\/","title":{"rendered":"Derni\u00e8res nouvelles"},"content":{"rendered":"\t\t<div data-elementor-type=\"wp-post\" data-elementor-id=\"18764\" class=\"elementor elementor-18764 elementor-3071\" data-elementor-post-type=\"page\">\n\t\t\t\t\t\t<section data-particle_enable=\"false\" data-particle-mobile-disabled=\"false\" class=\"elementor-section elementor-top-section elementor-element elementor-element-426df1e elementor-section-boxed elementor-section-height-default elementor-section-height-default\" data-id=\"426df1e\" data-element_type=\"section\" data-e-type=\"section\">\n\t\t\t\t\t\t<div class=\"elementor-container elementor-column-gap-default\">\n\t\t\t\t\t<div class=\"elementor-column elementor-col-100 elementor-top-column elementor-element elementor-element-8570785\" data-id=\"8570785\" data-element_type=\"column\" data-e-type=\"column\">\n\t\t\t<div class=\"elementor-widget-wrap elementor-element-populated\">\n\t\t\t\t\t\t<div class=\"elementor-element elementor-element-1dd5c21 elementor-widget elementor-widget-text-editor\" data-id=\"1dd5c21\" data-element_type=\"widget\" data-e-type=\"widget\" data-widget_type=\"text-editor.default\">\n\t\t\t\t<div class=\"elementor-widget-container\">\n\t\t\t\t\t\t\t\t\t<p><div id=\"wphtsp-history-1\" class=\"wphtsp-history-wrp wphtsp-clearfix \">\r\n\t<div id=\"wphtsp-history-design-5\" class=\"wphtsp-history-inner-wrp wphtsp-history-design-5 wphtsp-clearfix\" data-animation=\"bounceInUp\">\r\n\t\t<div class=\"wphtsp-timeline\"><div class=\"wphtsp-timeline-block wphtsp-post-23513 wphtsp-format-standard\">\r\n\t<div class=\"wphtsp-timeline-content \" style=\"background:#d6d6d6;\">\r\n\t\t<div class=\"wphtsp-title-wrapper\">\r\n\r\n\t\t\t\t\t\t\t<h2 class=\"wphtsp-content-title\">\r\n\t\t\t\t\t\t\t\t\t\t\t<a href=\"https:\/\/www.uniqchem.com\/fr\/timeline-post\/uniqchem-obtient-les-certifications-iso-9001-14001-et-18001\/\" target=\"_self\" style=\"color:#000000;\"><span>UNIQCHEM obtient les certifications ISO 9001, 14001 et 18001<\/span><\/a>\r\n\t\t\t\t\t\t\t\t\t<\/h2>\r\n\t\t\t\t\t\t\t<div class=\"wphtsp-post-details\">\r\n\t\t\t\t\t<div class=\"wphtsp-post-date\" style=\"color:#000000;\"><i class=\"fa fa-calendar\"><\/i> 8 janvier 2020<\/div>\r\n\t\t\t\t<\/div>\r\n\t\t\t\t\t<\/div>\r\n\r\n\t\t<div class=\"wphtsp-content-wrapper \">\r\n\t\t\t<div class=\"wphtsp-image-wrapper\">\r\n\t\t\t\t\t\t\t\t\t<div class=\"wphtsp-timeline-img\">\r\n\t\t\t\t\t\t\t\t\t\t\t\t\t<a href=\"https:\/\/www.uniqchem.com\/fr\/timeline-post\/uniqchem-obtient-les-certifications-iso-9001-14001-et-18001\/\" target=\"_self\"><img decoding=\"async\" src=\"https:\/\/www.uniqchem.com\/wp-content\/uploads\/2020\/01\/WeChat-Image_20230404122653-213x300.png\" alt=\"UNIQCHEM obtient les certifications ISO 9001, 14001 et 18001\" \/><\/a>\r\n\t\t\t\t\t\t\t\t\t\t\t<\/div>\r\n\t\t\t\t\t\t\t<\/div>\r\n\r\n\t\t\t\t\t\t<div class=\"wphtsp-content\">\r\n\t\t\t\t\t\t\t\t\t<div class=\"wphtsp-content-wraper\" style=\"color:#000000;\">Through the unremitting efforts and active cooperation of all employees of the company, in the coming year, our company successfully passed the QEHS three-system certification and won the ISO9001: 2015 certification, ISO14001: 2015 certification, OHSAS18001: 2007 certification issued by T\u00dcV S\u00dcD. Put a full stop to 2019.During the audit process, T\u00dcV S\u00dcD audit experts conducted a serious audit of the company&rsquo;s functional departments by holding meetings, discussions, consulting data, and&#8230;<\/div>\r\n\r\n\t\t\t\t\t\t\t\t\t<a class=\"wphtsp-read-more\" href=\"https:\/\/www.uniqchem.com\/fr\/timeline-post\/uniqchem-obtient-les-certifications-iso-9001-14001-et-18001\/\" target=\"_self\" style=\"color:#000000;\">Lire la suite<\/a>\r\n\t\t\t\t\t\t\t<\/div>\r\n\t\t\t\t\t<\/div>\r\n\t<\/div>\r\n\r\n\t<div class=\"wphtsp-timeline-date \">\r\n\t\t<div class=\"wphtsp-date \">\r\n\t\t\t<div class=\"wphtsp-icon-wrp\">\r\n\t\t\t\t\t\t\t\t\t<a href=\"https:\/\/www.uniqchem.com\/fr\/timeline-post\/uniqchem-obtient-les-certifications-iso-9001-14001-et-18001\/\" target=\"_self\"><i style=\"color:#3d3d3d\" class=\"fa fa-check-square-o\"><\/i><\/a>\r\n\t\t\t\t\t\t\t<\/div>\r\n\t\t<\/div>\r\n\t<\/div>\r\n<\/div>\r\n\t\t<\/div>\r\n\t<\/div>\r\n\r\n\t<\/div><\/p>\t\t\t\t\t\t\t\t<\/div>\n\t\t\t\t<\/div>\n\t\t\t\t\t<\/div>\n\t\t<\/div>\n\t\t\t\t\t<\/div>\n\t\t<\/section>\n\t\t\t\t<\/div>\n\t\t","protected":false},"excerpt":{"rendered":"<p>Through the unremitting efforts and active cooperation of all employees of the company, in the coming year, our company successfully passed the QEHS three-system certification and won the ISO9001: 2015 certification, ISO14001: 2015 certification, OHSAS18001: 2007 certification issued by T\u00dcV S\u00dcD. Put a full stop to 2019.During the audit process, T\u00dcV S\u00dcD audit experts conducted&hellip;<\/p>\n","protected":false},"author":9,"featured_media":0,"parent":0,"menu_order":0,"comment_status":"closed","ping_status":"closed","template":"","meta":{"footnotes":""},"class_list":["post-18764","page","type-page","status-publish","hentry"],"_links":{"self":[{"href":"https:\/\/www.uniqchem.com\/fr\/wp-json\/wp\/v2\/pages\/18764","targetHints":{"allow":["GET"]}}],"collection":[{"href":"https:\/\/www.uniqchem.com\/fr\/wp-json\/wp\/v2\/pages"}],"about":[{"href":"https:\/\/www.uniqchem.com\/fr\/wp-json\/wp\/v2\/types\/page"}],"author":[{"embeddable":true,"href":"https:\/\/www.uniqchem.com\/fr\/wp-json\/wp\/v2\/users\/9"}],"replies":[{"embeddable":true,"href":"https:\/\/www.uniqchem.com\/fr\/wp-json\/wp\/v2\/comments?post=18764"}],"version-history":[{"count":0,"href":"https:\/\/www.uniqchem.com\/fr\/wp-json\/wp\/v2\/pages\/18764\/revisions"}],"wp:attachment":[{"href":"https:\/\/www.uniqchem.com\/fr\/wp-json\/wp\/v2\/media?parent=18764"}],"curies":[{"name":"wp","href":"https:\/\/api.w.org\/{rel}","templated":true}]}}