{"id":19306,"date":"2017-06-11T05:01:40","date_gmt":"2017-06-11T05:01:40","guid":{"rendered":"https:\/\/www.uniqchem.com\/carriere\/"},"modified":"2017-06-11T05:01:40","modified_gmt":"2017-06-11T05:01:40","slug":"carriere","status":"publish","type":"page","link":"https:\/\/www.uniqchem.com\/fr\/carriere\/","title":{"rendered":"Carri\u00e8re"},"content":{"rendered":"<p>UNIQCHEM offre \u00e0 ses employ\u00e9s la possibilit\u00e9 de maximiser leur propre potentiel. Travailler pour UNQICHEM signifie que vous faites partie d&rsquo;une \u00e9quipe mondiale, que vous \u00eates appr\u00e9ci\u00e9 et que vous avez les capacit\u00e9s et le d\u00e9sir de contribuer de mani\u00e8re cr\u00e9ative. UNIQCHEM s&rsquo;attache \u00e0 recruter et \u00e0 conserver des talents de niveau international en recherchant des employ\u00e9s performants et d\u00e9vou\u00e9s.<br \/>\nUNIQCHEM offre un large \u00e9ventail d&rsquo;opportunit\u00e9s de carri\u00e8re, de la recherche et du d\u00e9veloppement \u00e0 l&rsquo;ing\u00e9nierie et \u00e0 la fabrication, en passant par le marketing et les ventes, ainsi que d&rsquo;autres fonctions d&rsquo;appui. Si vous \u00eates \u00e0 la recherche d&rsquo;une carri\u00e8re o\u00f9 vous souhaitez contribuer avec nos employ\u00e9s du monde entier, nous vous encourageons \u00e0 envoyer votre CV par courrier \u00e9lectronique \u00e0 <a href=\"mailto:stella.tian@uniqchem.com\">HR@uniqchem.com<\/a>.<\/p>\n","protected":false},"excerpt":{"rendered":"<p>UNIQCHEM offre \u00e0 ses employ\u00e9s la possibilit\u00e9 de maximiser leur propre potentiel. Travailler pour UNQICHEM signifie que vous faites partie d&rsquo;une \u00e9quipe mondiale, que vous \u00eates appr\u00e9ci\u00e9 et que vous avez les capacit\u00e9s et le d\u00e9sir de contribuer de mani\u00e8re cr\u00e9ative. UNIQCHEM s&rsquo;attache \u00e0 recruter et \u00e0 conserver des talents de niveau international en recherchant&hellip;<\/p>\n","protected":false},"author":9,"featured_media":0,"parent":0,"menu_order":0,"comment_status":"closed","ping_status":"closed","template":"","meta":{"footnotes":""},"class_list":["post-19306","page","type-page","status-publish","hentry","description-off"],"_links":{"self":[{"href":"https:\/\/www.uniqchem.com\/fr\/wp-json\/wp\/v2\/pages\/19306","targetHints":{"allow":["GET"]}}],"collection":[{"href":"https:\/\/www.uniqchem.com\/fr\/wp-json\/wp\/v2\/pages"}],"about":[{"href":"https:\/\/www.uniqchem.com\/fr\/wp-json\/wp\/v2\/types\/page"}],"author":[{"embeddable":true,"href":"https:\/\/www.uniqchem.com\/fr\/wp-json\/wp\/v2\/users\/9"}],"replies":[{"embeddable":true,"href":"https:\/\/www.uniqchem.com\/fr\/wp-json\/wp\/v2\/comments?post=19306"}],"version-history":[{"count":0,"href":"https:\/\/www.uniqchem.com\/fr\/wp-json\/wp\/v2\/pages\/19306\/revisions"}],"wp:attachment":[{"href":"https:\/\/www.uniqchem.com\/fr\/wp-json\/wp\/v2\/media?parent=19306"}],"curies":[{"name":"wp","href":"https:\/\/api.w.org\/{rel}","templated":true}]}}